{"id":270,"date":"2026-03-01T10:43:00","date_gmt":"2026-03-01T10:43:00","guid":{"rendered":"https:\/\/zap-selter.de\/?page_id=270"},"modified":"2026-03-02T12:22:24","modified_gmt":"2026-03-02T12:22:24","slug":"neupatienten","status":"publish","type":"page","link":"https:\/\/zap-selter.de\/?page_id=270","title":{"rendered":"Neupatienten"},"content":{"rendered":"\n<h2 class=\"wp-block-heading has-text-align-center\"><strong>Herzlich Willkommen!<\/strong><\/h2>\n\n\n\n<h2 class=\"wp-block-heading has-text-align-center\"><strong>Wir begr\u00fc\u00dfen Sie gerne als Neupatient\/in in unserer Praxis.<\/strong><\/h2>\n\n\n\n<p>Unser Anspruch ist es, Sie vor, w\u00e4hrend und nach Ihrer Behandlung bestm\u00f6glich zu begleiten und zu betreuen. Um die Qualit\u00e4t unserer Behandlungen langfristig zu gew\u00e4hrleisten, empfehlen wir einmal j\u00e4hrlich die Teilnahme an unserem <a href=\"https:\/\/zap-selter.de\/?page_id=198\" data-type=\"page\" data-id=\"198\">Prophylaxe Konzept<\/a> &#8211; Sie werden begeistert sein.<\/p>\n\n\n\n<p>Eine erfolgreiche Behandlung setzt voraus, dass unsere Behandlungen mit Ihren Vorstellungen und Erwartungen harmonieren. Daher m\u00f6chten wir Ihnen unser <a href=\"https:\/\/zap-selter.de\/?page_id=198\" data-type=\"page\" data-id=\"198\">Behandlungskonzept<\/a> sowie die wichtigsten Eckpunkte einer vertrauensvollen Zusammenarbeit n\u00e4her vorstellen.<\/p>\n\n\n\n<p class=\"has-text-align-center\"><\/p>\n\n\n\n<h4 class=\"wp-block-heading\"><strong>Was Sie bei uns erwartet<\/strong>:<\/h4>\n\n\n\n<p><strong>Freundliches Personal<\/strong> &#8211; Wir sind ein herzliches Team, das Sie mit einem L\u00e4cheln begr\u00fc\u00dft und Ihnen das Gef\u00fchl gibt, willkommen zu sein.<\/p>\n\n\n\n<p><strong>Humor muss sein<\/strong>&#8211; Wir lachen viel und mit flotten Spr\u00fcchen versuchen wir, eine entspannte Atmosph\u00e4re zu schaffen. &#8222;Die Behandlung war ja gar nicht so schlimm, wie ich gedacht habe.&#8220; Diesen Satz h\u00f6ren wir gerne und oft. Das ist unser Ziel.&nbsp;<\/p>\n\n\n\n<p><strong>Wir sagen auch mal &#8222;Nein&#8220;<\/strong> &#8211; Wir wissen sehr gut, welche Behandlungen wir in unserer Praxis durchf\u00fchren k\u00f6nnen und welche Behandlungsf\u00e4lle wir an unser Spezialisten-Netzwerk im Umkreis \u00fcberweisen. Sie sollen schlie\u00dflich zu jederzeit die beste Behandlung erhalten.<\/p>\n\n\n\n<p><strong>Regionale Labore &#8211; Zahnersatz made in Germany<\/strong><\/p>\n\n\n\n<h4 class=\"wp-block-heading\"><strong>Unsere Erwartungen an Sie<\/strong>:<\/h4>\n\n\n\n<p><strong>Freundlichkeit<\/strong> &#8211; Wir erwarten ebenso einen freundlichen Umgangston, um auf Augenh\u00f6he miteinander kommunizieren zu k\u00f6nnen.<\/p>\n\n\n\n<p><strong>P\u00fcnktlichkeit und Termintreue<\/strong> &#8211; Ihre Termine sind in unserem Kalender exklusiv f\u00fcr Sie reserviert. Bei vers\u00e4umten Terminen stellen wir ein Ausfallhonorar in Rechnung.<\/p>\n\n\n\n<p><strong>Teilnahme am Prophylaxe-Konzept<\/strong> &#8211; Wir erwarten Sie mindestens 1x im Jahr zur professionellen Zahnreinigung (PZR). Erfahrungsgem\u00e4\u00df brauchen diese Patienten weniger F\u00fcllungen, Kronen, Schmerzbehandlungen usw.<\/p>\n\n\n\n<p><strong>Eigenanteile<\/strong> &#8211; Eine moderne und substanzschonende Zahnmedizin gibt es heutzutage nur noch mit privaten Eigenanteilen. In unserer Praxis werden die besten Materialien und Methoden verwendet, Flickschusterei bieten wir nicht an.<\/p>\n\n\n\n<h4 class=\"wp-block-heading\"><strong>Unsere Empfehlung<\/strong><\/h4>\n\n\n\n<p><strong>Zahnzusatzabsicherung<\/strong> &#8211; Die meisten unserer Patienten haben eine private <a href=\"https:\/\/zap-selter.de\/?page_id=210\" data-type=\"page\" data-id=\"210\">Zahnzusatzabsicherung<\/a>, um im Falle eine Behandlung ausreichend abgesichert zu sein. F\u00fcllungen, Kronen, Implantate usw. k\u00f6nnen schnell kostspielig werden. Die Erstattungen der <a href=\"https:\/\/zap-selter.de\/?page_id=212\" data-type=\"page\" data-id=\"212\">gesetzlichen Krankenkassen<\/a> wird immer weniger. Sichern Sie sich bitte ausreichend ab!<\/p>\n\n\n\n<h4 class=\"wp-block-heading\"><strong>Ablauf und Unterlagen<\/strong><\/h4>\n\n\n\n<p>Nachdem Sie sich mit unserem <a href=\"https:\/\/zap-selter.de\/?page_id=198\" data-type=\"page\" data-id=\"198\">Praxiskonzept<\/a> vertraut gemacht und sich f\u00fcr uns als Praxis mit Fokus auf Zahnerhaltung entschieden haben, m\u00f6chten wir Sie gerne in einem Termin zur eingehenden Erstuntersuchung begr\u00fc\u00dfen und kennen lernen.<\/p>\n\n\n\n<p>Bitte melden Sie sich dazu telefonisch oder pers\u00f6nlich zu den <a href=\"https:\/\/zap-selter.de\/\" data-type=\"page\" data-id=\"9\">\u00d6ffnungszeiten<\/a> in der Praxis. Um einen Termin zu vereinbaren, ben\u00f6tigen wir den Neupatientenaufnahmebogen gegengezeichnet in der Praxis. Diesen k\u00f6nnen Sie pers\u00f6nlich am Empfang abholen und uns dann per Mail, Post oder pers\u00f6nlich zukommen lassen.<\/p>\n\n\n\n<p><\/p>\n","protected":false},"excerpt":{"rendered":"<p>Herzlich Willkommen! Wir begr\u00fc\u00dfen Sie gerne als Neupatient\/in in unserer Praxis. Unser Anspruch ist es, Sie vor, w\u00e4hrend und nach Ihrer Behandlung bestm\u00f6glich zu begleiten und zu betreuen. Um die Qualit\u00e4t unserer Behandlungen langfristig zu gew\u00e4hrleisten, empfehlen wir einmal j\u00e4hrlich die Teilnahme an unserem Prophylaxe Konzept &#8211; Sie werden begeistert sein. Eine erfolgreiche Behandlung setzt &#8230; <a title=\"Neupatienten\" class=\"read-more\" href=\"https:\/\/zap-selter.de\/?page_id=270\" aria-label=\"Mehr Informationen \u00fcber Neupatienten\">Weiterlesen<\/a><\/p>\n","protected":false},"author":2,"featured_media":0,"parent":0,"menu_order":0,"comment_status":"closed","ping_status":"closed","template":"","meta":{"_themeisle_gutenberg_block_has_review":false,"footnotes":""},"class_list":["post-270","page","type-page","status-publish"],"_links":{"self":[{"href":"https:\/\/zap-selter.de\/index.php?rest_route=\/wp\/v2\/pages\/270","targetHints":{"allow":["GET"]}}],"collection":[{"href":"https:\/\/zap-selter.de\/index.php?rest_route=\/wp\/v2\/pages"}],"about":[{"href":"https:\/\/zap-selter.de\/index.php?rest_route=\/wp\/v2\/types\/page"}],"author":[{"embeddable":true,"href":"https:\/\/zap-selter.de\/index.php?rest_route=\/wp\/v2\/users\/2"}],"replies":[{"embeddable":true,"href":"https:\/\/zap-selter.de\/index.php?rest_route=%2Fwp%2Fv2%2Fcomments&post=270"}],"version-history":[{"count":15,"href":"https:\/\/zap-selter.de\/index.php?rest_route=\/wp\/v2\/pages\/270\/revisions"}],"predecessor-version":[{"id":313,"href":"https:\/\/zap-selter.de\/index.php?rest_route=\/wp\/v2\/pages\/270\/revisions\/313"}],"wp:attachment":[{"href":"https:\/\/zap-selter.de\/index.php?rest_route=%2Fwp%2Fv2%2Fmedia&parent=270"}],"curies":[{"name":"wp","href":"https:\/\/api.w.org\/{rel}","templated":true}]}}