{"id":198,"date":"2024-11-02T21:37:03","date_gmt":"2024-11-02T21:37:03","guid":{"rendered":"https:\/\/zap-selter.de\/?page_id=198"},"modified":"2026-03-01T10:38:43","modified_gmt":"2026-03-01T10:38:43","slug":"behandlungsspektrum","status":"publish","type":"page","link":"https:\/\/zap-selter.de\/?page_id=198","title":{"rendered":"Behandlungsspektrum"},"content":{"rendered":"\n<p><\/p>\n\n\n\n<h4 class=\"wp-block-heading\"><strong>Jeder Mensch ist individuell<\/strong><\/h4>\n\n\n\n<p>Die Angaben auf unserer Website sind Ausz\u00fcge aus unserem Behandlungsspektrum und keinesfalls vollst\u00e4ndig. Wir beraten jeden Patienten individuell \u00fcber alle notwendigen Behandlungen und die M\u00f6glichkeiten diese durchzuf\u00fchren. Vor jeder Behandlung erhalten Sie eine Aufstellung der ggf. anfallenden Eigenanteile, welche wir f\u00fcr jede Situation nach Aufwand und Anzahl berechnen.<\/p>\n\n\n\n<h4 class=\"wp-block-heading\"><strong>Praxisphilosophie<\/strong><\/h4>\n\n\n\n<p>Wir schenken Ihnen ein L\u00e4cheln &#8211; Ehrlichkeit, Kommunikation und Emphatie<\/p>\n\n\n\n<p>Das Ziel unserer zahn\u00e4rztlichen Praxis besteht in der individuellen und dauerhaften Betreuung unserer Patienten. Im Fokus steht dabei ganz klar die Zahnerhaltung. Durch regelm\u00e4\u00dfige Untersuchung, Prophylaxe und minimalinvasive moderne Methoden wollen wir langfristig Ihre Z\u00e4hne gesund und nat\u00fcrlich sch\u00f6n halten. Damit Sie unsere Praxis mit einem L\u00e4cheln verlassen, wenden wir bei Ihnen hochwertige und langfristige Behandlungsmethoden an, die wir durch kontinuierliche Aktualisierung und Erweiterung unseres Wissen und K\u00f6nnens stets verbessern.<\/p>\n\n\n\n<p>Flickschusterei und unn\u00f6tig risikoreiche und invasive Behandlungsmethoden haben in diesem Konzept keinen Platz und werden daher nicht in unserer Praxis durchgef\u00fchrt.<\/p>\n\n\n\n<p><\/p>\n\n\n\n<h3 class=\"wp-block-heading\">Prophylaxe und \u00c4sthetik<\/h3>\n\n\n\n<div id=\"wp-block-themeisle-blocks-accordion-03912397\" class=\"wp-block-themeisle-blocks-accordion exclusive\">\n<details class=\"wp-block-themeisle-blocks-accordion-item\"><summary class=\"wp-block-themeisle-blocks-accordion-item__title\"><div><strong>Prophylaxe Plus \u2013 Das Extra f\u00fcr Ihre Mundgesundheit<\/strong><\/div><\/summary><div class=\"wp-block-themeisle-blocks-accordion-item__content\">\n<p>Sie k\u00f6nnen die von uns halbj\u00e4hrlich empfohlene Untersuchung und Reinigung in einem Termin vereinbaren.<\/p>\n\n\n\n<p>Inhalt:     -&gt; Untersuchung plus und professionelle Zahnreinigung (PZR)<\/p>\n\n\n\n<p>&#8211; sorgf\u00e4ltige Untersuchung der Z\u00e4hne und Schleimhaut zus\u00e4tzlich mittels Lupenbrille mit Licht und speziellem Diagnostiklicht<\/p>\n\n\n\n<p>&#8211; Untersuchung der Mundhygienesituation, gr\u00fcndliche Reinigung aller Z\u00e4hne, besonders auch schwer erreichbare Nischen, enge Zahnzwischenr\u00e4ume, Br\u00fcckenglieder und Kronenr\u00e4nder, Politur und Remineralisierung<\/p>\n\n\n\n<p>&#8211; individuelle Beratung zur Mundhygiene und Bestimmung des Bedarfs an Hilfsmitteln zur Mundhygiene, Erkl\u00e4rung der Anwendung, sowie Mitgabe eines Testp\u00e4ckchens<\/p>\n\n\n\n<p>Ihr Vorteil:<\/p>\n\n\n\n<p>&#8211; Senkung des Risikos f\u00fcr Karies und Parodontitis<\/p>\n\n\n\n<p>&#8211; m\u00f6gliche Defekte werden fr\u00fchzeitig erkannt und mit minimalinvasiven Techniken versorgt<\/p>\n\n\n\n<p>&#8211; Z\u00e4hne erhalten eine nat\u00fcrlich Aufhellung durch die Entfernung der verf\u00e4rbten Bel\u00e4ge<\/p>\n\n\n\n<p>Im Anschluss besprechen wir mit Ihnen die Ergebnisse und planen falls notwendig gemeinsam die Weiterbehandlung.<\/p>\n\n\n\n<p>Ihr Eigenanteil betr\u00e4gt ca. 120 \u20ac, je nach Aufwand und Zahnanzahl.<\/p>\n<\/div><\/details>\n\n\n\n<details class=\"wp-block-themeisle-blocks-accordion-item\"><summary class=\"wp-block-themeisle-blocks-accordion-item__title\"><div><strong>Untersuchung Plus &#8211; Die Betrachtung des Ganzen<\/strong><\/div><\/summary><div class=\"wp-block-themeisle-blocks-accordion-item__content\">\n<p>Inhalt: (Auszug)<\/p>\n\n\n\n<p>&#8211; sorgf\u00e4ltige Untersuchung der Z\u00e4hne und Schleimhaut zus\u00e4tzlich mittels Lupenbrille mit Licht und speziellem Diagnostiklicht<\/p>\n\n\n\n<p>&#8211; Untersuchung des Kiefergelenks und der Kaumuskulatur<\/p>\n\n\n\n<p>&#8211; Anfertigung von Fotoaufnahmen der Z\u00e4hne<\/p>\n\n\n\n<p>&#8211; Bestimmung der Zahnfarbe<\/p>\n\n\n\n<p>&#8211; Beurteilung von Bisssituation und Zahnfehlstellungen<\/p>\n\n\n\n<p>&#8211; Besprechung Ihrer W\u00fcnsche im Bezug auf Gesundheit, \u00c4sthetik und Wohlbefinden<\/p>\n\n\n\n<p>Ihr Vorteil:<\/p>\n\n\n\n<p>&#8211; Senkung des Risikos f\u00fcr Karies und Parodontitis<\/p>\n\n\n\n<p>&#8211; m\u00f6gliche Defekte werden fr\u00fchzeitig erkannt und mit minimalinvasiven Techniken versorgt<\/p>\n\n\n\n<p>&#8211; gesunder K\u00f6rper und ein strahlendes L\u00e4cheln<\/p>\n\n\n\n<p>Ihr Eigenanteil betr\u00e4gt ca. 20\u20ac, je nach Aufwand.<\/p>\n<\/div><\/details>\n\n\n\n<details class=\"wp-block-themeisle-blocks-accordion-item\"><summary class=\"wp-block-themeisle-blocks-accordion-item__title\"><div><strong>Bleaching<\/strong><\/div><\/summary><div class=\"wp-block-themeisle-blocks-accordion-item__content\">\n<p><strong>Internes Bleaching einzelner Z\u00e4hne<\/strong><\/p>\n\n\n\n<p>Die Aufhellung verdunkelter Z\u00e4hne (zB wurzelbehandlte Z\u00e4hne) aus dem Innern heraus.<\/p>\n\n\n\n<p>Ihr Eigenanteil betr\u00e4gt ca. 150 \u20ac.<\/p>\n\n\n\n<p><\/p>\n\n\n\n<p><strong>Bleaching mittels FL\u00c4SH<\/strong><\/p>\n\n\n\n<p>Moderne und schonende Zahnaufhellung f\u00fcr ein nat\u00fcrliches und frisches L\u00e4cheln. &#8211; Made in Germany<\/p>\n\n\n\n<p>Ein Bleaching kann nur nach einer professionellen Zahnreinigung erfolgen.<\/p>\n\n\n\n<p>Ihr Eigenanteil betr\u00e4gt ca. 500 \u20ac, je nach Aufwand und Zahnanzahl.<\/p>\n<\/div><\/details>\n<\/div>\n\n\n\n<p><\/p>\n\n\n\n<h3 class=\"wp-block-heading\">Minimalinvasive Behandlung<\/h3>\n\n\n\n<div id=\"wp-block-themeisle-blocks-accordion-57a6e1b1\" class=\"wp-block-themeisle-blocks-accordion exclusive\">\n<details class=\"wp-block-themeisle-blocks-accordion-item\"><summary class=\"wp-block-themeisle-blocks-accordion-item__title\"><div><strong>Kariesinfiltration \u2013 Behandlung von Karies ohne Bohren<\/strong><\/div><\/summary><div class=\"wp-block-themeisle-blocks-accordion-item__content\">\n<p>Behandlung kleinster Kariesstellen oder sog. White oder Brown Spots nach Kieferorthop\u00e4die ohne zu bohren mittels Kariesinfiltration mit ICON<\/p>\n<\/div><\/details>\n\n\n\n<details class=\"wp-block-themeisle-blocks-accordion-item\"><summary class=\"wp-block-themeisle-blocks-accordion-item__title\"><div><strong>Hochwertige Compositef\u00fcllungen (Kunststofff\u00fcllungen)<\/strong><\/div><\/summary><div class=\"wp-block-themeisle-blocks-accordion-item__content\">\n<p>Mit hochwertigen, zahnfarbenen Composites k\u00f6nnen wir Zahndefekte fast unsichtbar wieder aufbauen, \u00c4nderungen der Zahnform vornehmen und kleine L\u00fccken schlie\u00dfen. F\u00fcllungen aus Composite sind stabil und haben eine hohe \u00c4sthetik.<\/p>\n<\/div><\/details>\n\n\n\n<details class=\"wp-block-themeisle-blocks-accordion-item\"><summary class=\"wp-block-themeisle-blocks-accordion-item__title\"><div><strong>Inlays (Einlagef\u00fcllungen)<\/strong><\/div><\/summary><div class=\"wp-block-themeisle-blocks-accordion-item__content\">\n<p>Die laborgefertigte F\u00fcllung aus Gold oder Keramik bietet Ihnen ein langlebiges und hochwertiges Ergebnis mit optimaler Gestaltung von Kaufl\u00e4che und der Kontaktfl\u00e4che zum Nachbarzahn.<\/p>\n<\/div><\/details>\n\n\n\n<details class=\"wp-block-themeisle-blocks-accordion-item\"><summary class=\"wp-block-themeisle-blocks-accordion-item__title\"><div><strong>Vitalerhaltung der Z\u00e4hne<\/strong><\/div><\/summary><div class=\"wp-block-themeisle-blocks-accordion-item__content\">\n<p>Wir verwenden das bioaktive Material Biodentine, welches die Pulpa vital erh\u00e4lt, Zahnsubstanz ersetzt und das Risiko f\u00fcr erneute Karies reduziert, die Heilung beg\u00fcnstigt und Schmerz lindert. Somit kann in vielen F\u00e4llen eine Wurzelbehandlung vermieden werden.<\/p>\n<\/div><\/details>\n<\/div>\n\n\n\n<p><\/p>\n\n\n\n<h3 class=\"wp-block-heading\">Zahnersatz<\/h3>\n\n\n\n<div id=\"wp-block-themeisle-blocks-accordion-0c5fe1df\" class=\"wp-block-themeisle-blocks-accordion exclusive\">\n<details class=\"wp-block-themeisle-blocks-accordion-item\"><summary class=\"wp-block-themeisle-blocks-accordion-item__title\"><div><strong>Zu unserem Leistungsspektrum bei Zahnersatz geh\u00f6ren:<\/strong><\/div><\/summary><div class=\"wp-block-themeisle-blocks-accordion-item__content\">\n<p>\u2022 Teilkronen aus Keramik (Substanzschonend und hohe \u00c4sthetik) <\/p>\n\n\n\n<p>\u2022 Kronen und Br\u00fccken aus einfacher bis anspruchsvoll bearbeiteter Keramik <\/p>\n\n\n\n<p>\u2022 Prothesen als langlebigen und erweiterbaren Ersatz bei mehreren fehlenden Z\u00e4hnen<\/p>\n\n\n\n<p>\u2022 Versorgung von Implantaten mit Kronen, Br\u00fccken oder Prothesen<\/p>\n<\/div><\/details>\n<\/div>\n\n\n\n<p><\/p>\n\n\n\n<h3 class=\"wp-block-heading\">Parodontitisbehandlung<\/h3>\n\n\n\n<p>Die Behandlung einer Parodontitis erfolgt in einem Zeitraum von ca. 2 Jahren.<\/p>\n\n\n\n<div id=\"wp-block-themeisle-blocks-accordion-f8f3bc7c\" class=\"wp-block-themeisle-blocks-accordion exclusive\">\n<details class=\"wp-block-themeisle-blocks-accordion-item\"><summary class=\"wp-block-themeisle-blocks-accordion-item__title\"><div><strong>Ablauf:<\/strong><\/div><\/summary><div class=\"wp-block-themeisle-blocks-accordion-item__content\">\n<p>&#8211; Prognosebewertung der Z\u00e4hne durch genaue Anamnese- und Befunderfassung, sowie Anfertigung von R\u00f6ntgenaufnahmen<\/p>\n\n\n\n<p>&#8211; Aufkl\u00e4rung und Besprechung mit dem Patienten<\/p>\n\n\n\n<p>&#8211; Mundhygienefeststellung und -aufkl\u00e4rung<\/p>\n\n\n\n<p>&#8211; schonende Reinigung \u00fcber und unter dem Zahnfleisch mittels Ultraschall<\/p>\n\n\n\n<p>&#8211; Nachbehandlung und Nachkontrollen<\/p>\n\n\n\n<p>&#8211; regelm\u00e4\u00dfige Nachmessung und \u00dcberpr\u00fcfung des Erfolgs der Therapie<\/p>\n\n\n\n<p>&#8211; Nachreinigung und weitere Anpassungen der Mundhygiene alle 3 bis 6 Monate<\/p>\n<\/div><\/details>\n\n\n\n<details class=\"wp-block-themeisle-blocks-accordion-item\"><summary class=\"wp-block-themeisle-blocks-accordion-item__title\"><div><strong>Ihr Vorteil:<\/strong><\/div><\/summary><div class=\"wp-block-themeisle-blocks-accordion-item__content\">\n<p>&#8211; gesunder Zahnhalteapparat und Schutz vor Zahnverlust<\/p>\n\n\n\n<p>&#8211; Verbesserung der k\u00f6rperlichen Gesundheit, besonders im Bezug auf Herz-Kreislauf-Erkrankungen und Diabetes<\/p>\n\n\n\n<p>&#8211; frischeres und ges\u00fcnderes Mundgef\u00fchl ohne Mundgeruch oder Zahnfleischbluten<\/p>\n\n\n\n<p>&#8211; stabiler Halt von Zahnersatz auf stabilen Ankerz\u00e4hnen m\u00f6glich<\/p>\n<\/div><\/details>\n<\/div>\n\n\n\n<p><\/p>\n\n\n\n<h3 class=\"wp-block-heading\">Kinderzahnheilkunde<\/h3>\n\n\n\n<div id=\"wp-block-themeisle-blocks-accordion-fe087f2e\" class=\"wp-block-themeisle-blocks-accordion exclusive\">\n<details class=\"wp-block-themeisle-blocks-accordion-item\"><summary class=\"wp-block-themeisle-blocks-accordion-item__title\"><div><strong>Erster Zahnarztbesuch f\u00fcr Kinder<\/strong><\/div><\/summary><div class=\"wp-block-themeisle-blocks-accordion-item__content\">\n<p>Der erste Besuch sollte ein reines Kennenlernen sein. Ab dem ersten Milchzahn k\u00f6nnen Sie mit Ihrem Kind zu uns in die Sprechstunde kommen. So k\u00f6nnen wir rechtzeitig mit der Eingew\u00f6hnung der Kinder beginnen und Sie als Eltern in Sachen Ern\u00e4hrung, Reinigung der Milchz\u00e4hne und bedarfsgerechter Flouridierung beraten.<\/p>\n<\/div><\/details>\n\n\n\n<details class=\"wp-block-themeisle-blocks-accordion-item\"><summary class=\"wp-block-themeisle-blocks-accordion-item__title\"><div><strong>Kinder ab 6 Jahren<\/strong><\/div><\/summary><div class=\"wp-block-themeisle-blocks-accordion-item__content\">\n<p>Kinder ab 6 Jahren nehmem wir in unser halbj\u00e4hrliches Prophylaxeprogramm auf.<\/p>\n\n\n\n<p>Dieses beinhaltet:<\/p>\n\n\n\n<p>&#8211; Untersuchung der Mundhygiene<\/p>\n\n\n\n<p>&#8211; altersgerechte \u00dcbungen zur korrekten Putztechnik und Anwendung von Hilfmitteln<\/p>\n\n\n\n<p>&#8211; Ern\u00e4hrungsberatung f\u00fcr Kind und Eltern<\/p>\n\n\n\n<p>&#8211; Versiegelung kariesfreier Fissuren (auf Wunsch auch von Pr\u00e4molaren)<\/p>\n\n\n\n<p>&#8211; Flouridierung<\/p>\n\n\n\n<p>&#8211; Motivierung zur gesunden Lebensweise um Folgesch\u00e4den zu vermeiden<\/p>\n<\/div><\/details>\n\n\n\n<details class=\"wp-block-themeisle-blocks-accordion-item\"><summary class=\"wp-block-themeisle-blocks-accordion-item__title\"><div><strong>Behandlung von Zahndefekten bei Kindern<\/strong><\/div><\/summary><div class=\"wp-block-themeisle-blocks-accordion-item__content\">\n<p>Die F\u00fcllung von Zahndefekten an Milchz\u00e4hnen und bleibenden Z\u00e4hnen mittels hochwertiger Composites ist unser Ziel. Eine F\u00fcllung aus Zement wird nur vor\u00fcbergehend sein. Tiefe Defekte behandeln wir mit Biodentine, um die jungen Z\u00e4hne weiter vital zu erhalten.<\/p>\n<\/div><\/details>\n<\/div>\n\n\n\n<p><\/p>\n\n\n\n<h3 class=\"wp-block-heading\">Wurzelbehandlung<\/h3>\n\n\n\n<p>Wir f\u00fchren schonende und erfolgversprechende Wurzelbehandlungen mit moderner Technik durch.<\/p>\n\n\n\n<div id=\"wp-block-themeisle-blocks-accordion-e1311c0b\" class=\"wp-block-themeisle-blocks-accordion exclusive\">\n<details class=\"wp-block-themeisle-blocks-accordion-item\"><summary class=\"wp-block-themeisle-blocks-accordion-item__title\"><div><strong>Ihr Vorteil:<\/strong><\/div><\/summary><div class=\"wp-block-themeisle-blocks-accordion-item__content\">\n<p>&#8211; Lupenbrille mit Licht = Optimal sehen \u2192 Optimal behandeln<\/p>\n\n\n\n<p>&#8211; Elektrische L\u00e4ngenmessung = Genaue Bestimmung der Wurzelkanall\u00e4nge \u2192 pr\u00e4ziser, weniger R\u00f6ntgenaufnahmen<\/p>\n\n\n\n<p>&#8211; Maschinelle Wurzelkanalaufbereitung = Aufbereitung mit hochflexiblen Titanfeilen \u2192 schnellere und gr\u00fcndlichere Reinigung<\/p>\n\n\n\n<p>&#8211; Ultraschallaktivierte Sp\u00fclungen = Desinfektion des komplexen Wurzelkanalsystems \u2192 effiziente Reinigung in allen Abzweigungen<\/p>\n\n\n\n<p>&#8211; Biokeramischer Wurzelkanalsealer = dichte Versiegelung des Wurzelkanalsystems und F\u00f6rderung der Heilung an der Wurzelspitze<\/p>\n\n\n\n<p>Weniger Schmerzen, weniger Komplikationen und langfristiger Erfolg \u2013 dank modernster Technik!<\/p>\n\n\n\n<p>Ihr Eigenanteil betr\u00e4gt ca. 80 \u2013 300 \u20ac, je nach Aufwand und Anzahl der Wurzelkan\u00e4le.<\/p>\n<\/div><\/details>\n<\/div>\n\n\n\n<h2 class=\"wp-block-heading\"><\/h2>\n","protected":false},"excerpt":{"rendered":"<p>Jeder Mensch ist individuell Die Angaben auf unserer Website sind Ausz\u00fcge aus unserem Behandlungsspektrum und keinesfalls vollst\u00e4ndig. Wir beraten jeden Patienten individuell \u00fcber alle notwendigen Behandlungen und die M\u00f6glichkeiten diese durchzuf\u00fchren. Vor jeder Behandlung erhalten Sie eine Aufstellung der ggf. anfallenden Eigenanteile, welche wir f\u00fcr jede Situation nach Aufwand und Anzahl berechnen. Praxisphilosophie Wir schenken &#8230; <a title=\"Behandlungsspektrum\" class=\"read-more\" href=\"https:\/\/zap-selter.de\/?page_id=198\" aria-label=\"Mehr Informationen \u00fcber Behandlungsspektrum\">Weiterlesen<\/a><\/p>\n","protected":false},"author":2,"featured_media":0,"parent":0,"menu_order":0,"comment_status":"closed","ping_status":"closed","template":"","meta":{"_themeisle_gutenberg_block_has_review":false,"footnotes":""},"class_list":["post-198","page","type-page","status-publish"],"_links":{"self":[{"href":"https:\/\/zap-selter.de\/index.php?rest_route=\/wp\/v2\/pages\/198","targetHints":{"allow":["GET"]}}],"collection":[{"href":"https:\/\/zap-selter.de\/index.php?rest_route=\/wp\/v2\/pages"}],"about":[{"href":"https:\/\/zap-selter.de\/index.php?rest_route=\/wp\/v2\/types\/page"}],"author":[{"embeddable":true,"href":"https:\/\/zap-selter.de\/index.php?rest_route=\/wp\/v2\/users\/2"}],"replies":[{"embeddable":true,"href":"https:\/\/zap-selter.de\/index.php?rest_route=%2Fwp%2Fv2%2Fcomments&post=198"}],"version-history":[{"count":8,"href":"https:\/\/zap-selter.de\/index.php?rest_route=\/wp\/v2\/pages\/198\/revisions"}],"predecessor-version":[{"id":300,"href":"https:\/\/zap-selter.de\/index.php?rest_route=\/wp\/v2\/pages\/198\/revisions\/300"}],"wp:attachment":[{"href":"https:\/\/zap-selter.de\/index.php?rest_route=%2Fwp%2Fv2%2Fmedia&parent=198"}],"curies":[{"name":"wp","href":"https:\/\/api.w.org\/{rel}","templated":true}]}}